{"id":193,"date":"2016-03-10T10:44:30","date_gmt":"2016-03-10T10:44:30","guid":{"rendered":"http:\/\/okthemes.com\/villenoirdemo\/?page_id=193"},"modified":"2020-12-21T09:12:20","modified_gmt":"2020-12-21T12:12:20","slug":"homepage","status":"publish","type":"page","link":"https:\/\/barrasdemahoma.com.uy\/en\/","title":{"rendered":"Establishment Barras de Mahoma"},"content":{"rendered":"<section class=\"wpb-content-wrapper\"><section class=\"vc_section\"><\/section><div class=\"vc_row wpb_row vc_row-fluid wpb_animate_when_almost_visible wpb_slideInUp slideInUp vc_custom_1604669011437 vc_row-o-equal-height vc_row-o-content-middle vc_row-flex\"><div class=\"wpb_column vc_column_container vc_col-sm-12 vc_col-lg-6 vc_col-md-6\"><div class=\"vc_column-inner vc_custom_1604665759232\"><div class=\"wpb_wrapper\">\n\t<div class=\"wpb_raw_code wpb_content_element wpb_raw_html\" >\n\t\t<div class=\"wpb_wrapper\">\n\t\t\t<a id=\"ganaderia\"><\/a>\n\n\t\t<\/div>\n\t<\/div>\n\n\t<div class=\"title-subtitle-box\" style=\" margin-bottom:90px; text-align: center;\">\n\t\t<p  style=\"\">Barras de Mahoma<\/p>\n\t\t<h1 style=\" font-style: normal;\">Cattle raising<\/h1>\n\t<\/div> \n\t<div class=\"wpb_text_column wpb_content_element  vc_custom_1608552136639\" >\n\t\t<div class=\"wpb_wrapper\">\n\t\t\t<p style=\"text-align: center;\">Our genetic selection bets heavily on the Angus breed and especially on the RED ANGUS in 2008, with the legendary bull Above &amp; Beyond. Our goal is to achieve a quality product that adapts to its totally natural production system, on pasture and taking care of animal welfare.<\/p>\n<p style=\"text-align: center;\"><span style=\"font-weight: 400;\">We have also been developing sheep farming since 1994 with a special taste for the wool industry. In 2008 it was decided to start breeding the Merino Fino breed.<\/span><\/p>\n\n\t\t<\/div>\n\t<\/div>\n<\/div><\/div><\/div><div class=\"wpb_column vc_column_container vc_col-sm-12 vc_col-lg-6 vc_col-md-6\"><div class=\"vc_column-inner vc_custom_1460370846525\"><div class=\"wpb_wrapper\">\n\t<div  class=\"wpb_single_image wpb_content_element vc_align_left  vc_custom_1608552728057\">\n\t\t\n\t\t<figure class=\"wpb_wrapper vc_figure\">\n\t\t\t<div class=\"vc_single_image-wrapper   vc_box_border_grey\"><img loading=\"lazy\" decoding=\"async\" width=\"1170\" height=\"1400\" src=\"https:\/\/barrasdemahoma.com.uy\/wp-content\/uploads\/2020\/12\/ganaderia.jpg\" class=\"vc_single_image-img attachment-full\" alt=\"\" title=\"ganaderia\" srcset=\"https:\/\/barrasdemahoma.com.uy\/wp-content\/uploads\/2020\/12\/ganaderia.jpg 1170w, https:\/\/barrasdemahoma.com.uy\/wp-content\/uploads\/2020\/12\/ganaderia-251x300.jpg 251w, https:\/\/barrasdemahoma.com.uy\/wp-content\/uploads\/2020\/12\/ganaderia-856x1024.jpg 856w, https:\/\/barrasdemahoma.com.uy\/wp-content\/uploads\/2020\/12\/ganaderia-768x919.jpg 768w, https:\/\/barrasdemahoma.com.uy\/wp-content\/uploads\/2020\/12\/ganaderia-10x12.jpg 10w\" sizes=\"auto, (max-width: 1170px) 100vw, 1170px\" \/><\/div>\n\t\t<\/figure>\n\t<\/div>\n<\/div><\/div><\/div><\/div><div class=\"vc_row wpb_row vc_row-fluid wpb_animate_when_almost_visible wpb_slideInUp slideInUp vc_custom_1604668944909 vc_row-o-equal-height vc_row-o-content-middle vc_row-flex\"><div class=\"wpb_column vc_column_container vc_col-sm-12 vc_col-lg-6 vc_col-md-6\"><div class=\"vc_column-inner vc_custom_1604665656488\"><div class=\"wpb_wrapper\">\n\t<div class=\"wpb_raw_code wpb_content_element wpb_raw_html\" >\n\t\t<div class=\"wpb_wrapper\">\n\t\t\t<a id=\"agricultura\"><\/a>\n\n\t\t<\/div>\n\t<\/div>\n\n\t<div class=\"title-subtitle-box\" style=\" margin-bottom:90px; text-align: center;\">\n\t\t<p  style=\"\">Barras de Mahoma<\/p>\n\t\t<h1 style=\" font-style: normal;\">Agriculture<\/h1>\n\t<\/div> \n\t<div class=\"wpb_text_column wpb_content_element  vc_custom_1593118800732\" >\n\t\t<div class=\"wpb_wrapper\">\n\t\t\t<p style=\"text-align: center;\">Establecimiento Barras de Mahoma is a family field dedicated to livestock, agriculture, viticulture and forestry. It is located in Uruguay, at the Sierras de Mahoma, in the department of San Jose\u0301 and 120 kilometers from the capital of the country, Montevideo.<\/p>\n\n\t\t<\/div>\n\t<\/div>\n<\/div><\/div><\/div><div class=\"wpb_column vc_column_container vc_col-sm-12 vc_col-lg-6 vc_col-md-6\"><div class=\"vc_column-inner vc_custom_1460370846525\"><div class=\"wpb_wrapper\">\n\t<div  class=\"wpb_single_image wpb_content_element vc_align_left  vc_custom_1604664711978\">\n\t\t\n\t\t<figure class=\"wpb_wrapper vc_figure\">\n\t\t\t<div class=\"vc_single_image-wrapper   vc_box_border_grey\"><img loading=\"lazy\" decoding=\"async\" width=\"1170\" height=\"1400\" src=\"https:\/\/barrasdemahoma.com.uy\/wp-content\/uploads\/2020\/11\/agricultura.jpg\" class=\"vc_single_image-img attachment-full\" alt=\"\" title=\"agricultura\" srcset=\"https:\/\/barrasdemahoma.com.uy\/wp-content\/uploads\/2020\/11\/agricultura.jpg 1170w, https:\/\/barrasdemahoma.com.uy\/wp-content\/uploads\/2020\/11\/agricultura-251x300.jpg 251w, https:\/\/barrasdemahoma.com.uy\/wp-content\/uploads\/2020\/11\/agricultura-856x1024.jpg 856w, https:\/\/barrasdemahoma.com.uy\/wp-content\/uploads\/2020\/11\/agricultura-768x919.jpg 768w, https:\/\/barrasdemahoma.com.uy\/wp-content\/uploads\/2020\/11\/agricultura-10x12.jpg 10w\" sizes=\"auto, (max-width: 1170px) 100vw, 1170px\" \/><\/div>\n\t\t<\/figure>\n\t<\/div>\n<\/div><\/div><\/div><\/div><div class=\"vc_row wpb_row vc_row-fluid wpb_animate_when_almost_visible wpb_slideInUp slideInUp vc_custom_1604668909092 vc_row-o-equal-height vc_row-o-content-middle vc_row-flex\"><div class=\"wpb_column vc_column_container vc_col-sm-12 vc_col-lg-6 vc_col-md-6\"><div class=\"vc_column-inner vc_custom_1604665664414\"><div class=\"wpb_wrapper\">\n\t<div class=\"wpb_raw_code wpb_content_element wpb_raw_html\" >\n\t\t<div class=\"wpb_wrapper\">\n\t\t\t<a id=\"forestacion\"><\/a>\n\n\t\t<\/div>\n\t<\/div>\n\n\t<div class=\"title-subtitle-box\" style=\" margin-bottom:90px; text-align: center;\">\n\t\t<p  style=\"\">Barras de Mahoma<\/p>\n\t\t<h1 style=\" font-style: normal;\">Forestaci\u00f3n<\/h1>\n\t<\/div> \n\t<div class=\"wpb_text_column wpb_content_element  vc_custom_1593118800732\" >\n\t\t<div class=\"wpb_wrapper\">\n\t\t\t<p style=\"text-align: center;\">Establecimiento Barras de Mahoma is a family field dedicated to livestock, agriculture, viticulture and forestry. It is located in Uruguay, at the Sierras de Mahoma, in the department of San Jose\u0301 and 120 kilometers from the capital of the country, Montevideo.<\/p>\n\n\t\t<\/div>\n\t<\/div>\n<\/div><\/div><\/div><div class=\"wpb_column vc_column_container vc_col-sm-12 vc_col-lg-6 vc_col-md-6\"><div class=\"vc_column-inner vc_custom_1460370846525\"><div class=\"wpb_wrapper\">\n\t<div  class=\"wpb_single_image wpb_content_element vc_align_left  vc_custom_1604664777793\">\n\t\t\n\t\t<figure class=\"wpb_wrapper vc_figure\">\n\t\t\t<div class=\"vc_single_image-wrapper   vc_box_border_grey\"><img loading=\"lazy\" decoding=\"async\" width=\"1170\" height=\"1400\" src=\"https:\/\/barrasdemahoma.com.uy\/wp-content\/uploads\/2020\/11\/forestacion.jpg\" class=\"vc_single_image-img attachment-full\" alt=\"\" title=\"forestacion\" srcset=\"https:\/\/barrasdemahoma.com.uy\/wp-content\/uploads\/2020\/11\/forestacion.jpg 1170w, https:\/\/barrasdemahoma.com.uy\/wp-content\/uploads\/2020\/11\/forestacion-251x300.jpg 251w, https:\/\/barrasdemahoma.com.uy\/wp-content\/uploads\/2020\/11\/forestacion-856x1024.jpg 856w, https:\/\/barrasdemahoma.com.uy\/wp-content\/uploads\/2020\/11\/forestacion-768x919.jpg 768w, https:\/\/barrasdemahoma.com.uy\/wp-content\/uploads\/2020\/11\/forestacion-10x12.jpg 10w\" sizes=\"auto, (max-width: 1170px) 100vw, 1170px\" \/><\/div>\n\t\t<\/figure>\n\t<\/div>\n<\/div><\/div><\/div><\/div><div class=\"vc_row wpb_row vc_row-fluid wpb_animate_when_almost_visible wpb_slideInUp slideInUp vc_custom_1604668923441 vc_row-o-equal-height vc_row-o-content-middle vc_row-flex\"><div class=\"wpb_column vc_column_container vc_col-sm-12 vc_col-lg-6 vc_col-md-6\"><div class=\"vc_column-inner vc_custom_1604665673395\"><div class=\"wpb_wrapper\">\n\t<div class=\"wpb_raw_code wpb_content_element wpb_raw_html\" >\n\t\t<div class=\"wpb_wrapper\">\n\t\t\t<a id=\"vitivinicultura\"><\/a>\n\n\t\t<\/div>\n\t<\/div>\n\n\t<div class=\"title-subtitle-box\" style=\" margin-bottom:90px; text-align: center;\">\n\t\t<p  style=\"\">Barras de Mahoma<\/p>\n\t\t<h1 style=\" font-style: normal;\">Viticulture<\/h1>\n\t<\/div> \n\t<div class=\"wpb_text_column wpb_content_element  vc_custom_1605556802659\" >\n\t\t<div class=\"wpb_wrapper\">\n\t\t\t<p style=\"text-align: center;\">The history of this vineyard dates back to the year 2001, when the family, due to the great potential of these lands for the cultivation of the vine, decided to plant the first vineyard, with three red vines of French origin, Cabernet Sauvignon, Cabernet Franc and Tannat.<\/p>\n\n\t\t<\/div>\n\t<\/div>\n<\/div><\/div><\/div><div class=\"wpb_column vc_column_container vc_col-sm-12 vc_col-lg-6 vc_col-md-6\"><div class=\"vc_column-inner vc_custom_1460370846525\"><div class=\"wpb_wrapper\">\n\t<div  class=\"wpb_single_image wpb_content_element vc_align_left  vc_custom_1604664886351\">\n\t\t\n\t\t<figure class=\"wpb_wrapper vc_figure\">\n\t\t\t<div class=\"vc_single_image-wrapper   vc_box_border_grey\"><img loading=\"lazy\" decoding=\"async\" width=\"1170\" height=\"1400\" src=\"https:\/\/barrasdemahoma.com.uy\/wp-content\/uploads\/2020\/10\/seccion-establecimiento-6.jpg\" class=\"vc_single_image-img attachment-full\" alt=\"\" title=\"seccion-establecimiento-6\" srcset=\"https:\/\/barrasdemahoma.com.uy\/wp-content\/uploads\/2020\/10\/seccion-establecimiento-6.jpg 1170w, https:\/\/barrasdemahoma.com.uy\/wp-content\/uploads\/2020\/10\/seccion-establecimiento-6-251x300.jpg 251w, https:\/\/barrasdemahoma.com.uy\/wp-content\/uploads\/2020\/10\/seccion-establecimiento-6-856x1024.jpg 856w, https:\/\/barrasdemahoma.com.uy\/wp-content\/uploads\/2020\/10\/seccion-establecimiento-6-768x919.jpg 768w, https:\/\/barrasdemahoma.com.uy\/wp-content\/uploads\/2020\/10\/seccion-establecimiento-6-10x12.jpg 10w\" sizes=\"auto, (max-width: 1170px) 100vw, 1170px\" \/><\/div>\n\t\t<\/figure>\n\t<\/div>\n<\/div><\/div><\/div><\/div><div class=\"vc_row wpb_row vc_row-fluid wpb_animate_when_almost_visible wpb_slideInUp slideInUp vc_custom_1604668873514 vc_row-o-equal-height vc_row-o-content-middle vc_row-flex\"><div class=\"wpb_column vc_column_container vc_col-sm-12 vc_col-lg-6 vc_col-md-6\"><div class=\"vc_column-inner vc_custom_1604665673395\"><div class=\"wpb_wrapper\">\n\t<div class=\"wpb_raw_code wpb_content_element wpb_raw_html\" >\n\t\t<div class=\"wpb_wrapper\">\n\t\t\t<a id=\"turismo\"><\/a>\n\n\t\t<\/div>\n\t<\/div>\n\n\t<div class=\"title-subtitle-box\" style=\" margin-bottom:90px; text-align: center;\">\n\t\t<p  style=\"\">Barras de Mahoma<\/p>\n\t\t<h1 style=\" font-style: normal;\">Rural tourism<\/h1>\n\t<\/div> \n\t<div class=\"wpb_text_column wpb_content_element  vc_custom_1605524493884\" >\n\t\t<div class=\"wpb_wrapper\">\n\t\t\t<p style=\"text-align: center;\">Sharing our land and our products is our greatest desire.<br \/>\nSean siempre bienvenidos.<\/p>\n<p style=\"text-align: center;\">Get to know our different options for walking,<b>\u00a0gastronomy and recreation.<\/b><\/p>\n<p style=\"text-align: center;\">Establishment Barras de Mahoma a privileged place with a nature that invites you to produce and dream.<\/p>\n\n\t\t<\/div>\n\t<\/div>\n<\/div><\/div><\/div><div class=\"wpb_column vc_column_container vc_col-sm-12 vc_col-lg-6 vc_col-md-6\"><div class=\"vc_column-inner vc_custom_1460370846525\"><div class=\"wpb_wrapper\">\n\t<div  class=\"wpb_single_image wpb_content_element vc_align_left  vc_custom_1604667782747\">\n\t\t\n\t\t<figure class=\"wpb_wrapper vc_figure\">\n\t\t\t<div class=\"vc_single_image-wrapper   vc_box_border_grey\"><img loading=\"lazy\" decoding=\"async\" width=\"1170\" height=\"1400\" src=\"https:\/\/barrasdemahoma.com.uy\/wp-content\/uploads\/2020\/06\/sierra-de-mahoma.jpg\" class=\"vc_single_image-img attachment-full\" alt=\"\" title=\"sierra-de-mahoma\" srcset=\"https:\/\/barrasdemahoma.com.uy\/wp-content\/uploads\/2020\/06\/sierra-de-mahoma.jpg 1170w, https:\/\/barrasdemahoma.com.uy\/wp-content\/uploads\/2020\/06\/sierra-de-mahoma-251x300.jpg 251w, https:\/\/barrasdemahoma.com.uy\/wp-content\/uploads\/2020\/06\/sierra-de-mahoma-856x1024.jpg 856w, https:\/\/barrasdemahoma.com.uy\/wp-content\/uploads\/2020\/06\/sierra-de-mahoma-768x919.jpg 768w\" sizes=\"auto, (max-width: 1170px) 100vw, 1170px\" \/><\/div>\n\t\t<\/figure>\n\t<\/div>\n<\/div><\/div><\/div><\/div><div data-vc-full-width=\"true\" data-vc-full-width-init=\"false\" class=\"vc_row wpb_row vc_row-fluid\"><div class=\"wpb_column vc_column_container vc_col-sm-12 vc_col-has-fill\"><div class=\"vc_column-inner vc_custom_1604665927920\"><div class=\"wpb_wrapper\"><div class=\"vc_widget vc_widget_instagram\"><\/div><\/div><\/div><\/div><\/div><div class=\"vc_row-full-width vc_clearfix\"><\/div><div class=\"vc_row wpb_row vc_row-fluid vc_custom_1488883764701 vc_row-has-fill\"><div class=\"wpb_column vc_column_container vc_col-sm-12\"><div class=\"vc_column-inner\"><div class=\"wpb_wrapper\"><div class=\"vc_row wpb_row vc_inner vc_row-fluid\"><div class=\"wpb_column vc_column_container vc_col-sm-4\"><div class=\"vc_column-inner\"><div class=\"wpb_wrapper\">\n\t<div class=\"title-subtitle-box\" style=\" text-align: left;\">\n\t\t<p  style=\"\">Barras de Mahoma<\/p>\n\t\t<h1 style=\" font-style: normal;\">Location<\/h1>\n\t<\/div> <\/div><\/div><\/div><div class=\"wpb_column vc_column_container vc_col-sm-4\"><div class=\"vc_column-inner\"><div class=\"wpb_wrapper\"><div class=\"wpb_gmaps_widget wpb_content_element\"><div class=\"wpb_wrapper\"><div class=\"wpb_map_wraper\"><iframe loading=\"lazy\" src=\"https:\/\/www.google.com\/maps\/embed?pb=!1m18!1m12!1m3!1d3305.3666823539174!2d-56.88770958423026!3d-34.060113336446044!2m3!1f0!2f0!3f0!3m2!1i1024!2i768!4f13.1!3m3!1m2!1s0x95a15f979a0039a7%3A0x47ce28ce61161a96!2sBarras%20de%20Mahoma!5e0!3m2!1ses!2suy!4v1602788647051!5m2!1ses!2suy\" width=\"600\" height=\"450\" frameborder=\"0\" style=\"border:0;\" allowfullscreen=\"\" aria-hidden=\"false\" tabindex=\"0\"><\/iframe><\/div><\/div><\/div><\/div><\/div><\/div><div class=\"wpb_column vc_column_container vc_col-sm-4\"><div class=\"vc_column-inner\"><div class=\"wpb_wrapper\">\n\t<div class=\"wpb_text_column wpb_content_element\" >\n\t\t<div class=\"wpb_wrapper\">\n\t\t\t<p class=\" translation-block\">Establishment Barras de Mahoma is a family field dedicated to livestock, agriculture, viticulture and forestry. It is located in Uruguay, at the Sierras de Mahoma, in the department of San Jose\u0301 and 120 kilometers from the capital of the country, Montevideo.\n\nThe Sierras de Mahoma constitute a wide rock formation that, at the same time having a great visual charm, offers an excellent soil for the cultivation of the vine.<\/p>\n<p>&nbsp;<\/p>\n<p><span class=\"d-block text-black\">Address: <\/span>Camino Guaycuru, Paraje Mahoma.<\/p>\n\n\t\t<\/div>\n\t<\/div>\n<\/div><\/div><\/div><\/div><\/div><\/div><\/div><\/div>\n<\/section>","protected":false},"excerpt":{"rendered":"Barras de Mahoma Ganader\u00eda Nuestra selecci\u00f3n gen\u00e9tica apuesta fuertemente a la raza Angus y en especial al RED ANGUS en 2008, con el legendario toro Above &amp; Beyond. Nuestro objetivo<br class=\"read-more-spacer\"> <a class=\"more-link\" href=\"https:\/\/barrasdemahoma.com.uy\/en\/\">Read More<\/a>","protected":false},"author":1,"featured_media":0,"parent":0,"menu_order":0,"comment_status":"closed","ping_status":"closed","template":"","meta":{"footnotes":""},"class_list":["post-193","page","type-page","status-publish","hentry"],"acf":[],"yoast_head":"<!-- This site is optimized with the Yoast SEO plugin v21.2 - https:\/\/yoast.com\/wordpress\/plugins\/seo\/ -->\n<title>Establecimiento Barras de Mahoma - Barras de Mahoma<\/title>\n<meta name=\"robots\" content=\"index, follow, max-snippet:-1, max-image-preview:large, max-video-preview:-1\" \/>\n<link rel=\"canonical\" href=\"https:\/\/barrasdemahoma.com.uy\/en\/\" \/>\n<meta property=\"og:locale\" content=\"en_US\" \/>\n<meta property=\"og:type\" content=\"article\" \/>\n<meta property=\"og:title\" content=\"Establecimiento Barras de Mahoma - Barras de Mahoma\" \/>\n<meta property=\"og:url\" content=\"https:\/\/barrasdemahoma.com.uy\/en\/\" \/>\n<meta property=\"og:site_name\" content=\"Barras de Mahoma\" \/>\n<meta property=\"article:publisher\" content=\"https:\/\/www.facebook.com\/barrasdemahoma\/\" \/>\n<meta property=\"article:modified_time\" content=\"2020-12-21T12:12:20+00:00\" \/>\n<meta name=\"twitter:card\" content=\"summary_large_image\" \/>\n<meta name=\"twitter:label1\" content=\"Est. reading time\" \/>\n\t<meta name=\"twitter:data1\" content=\"3 minutes\" \/>\n<script type=\"application\/ld+json\" class=\"yoast-schema-graph\">{\"@context\":\"https:\/\/schema.org\",\"@graph\":[{\"@type\":\"WebPage\",\"@id\":\"https:\/\/barrasdemahoma.com.uy\/\",\"url\":\"https:\/\/barrasdemahoma.com.uy\/\",\"name\":\"Establecimiento Barras de Mahoma - Barras de Mahoma\",\"isPartOf\":{\"@id\":\"https:\/\/barrasdemahoma.com.uy\/#website\"},\"datePublished\":\"2016-03-10T10:44:30+00:00\",\"dateModified\":\"2020-12-21T12:12:20+00:00\",\"breadcrumb\":{\"@id\":\"https:\/\/barrasdemahoma.com.uy\/#breadcrumb\"},\"inLanguage\":\"en-US\",\"potentialAction\":[{\"@type\":\"ReadAction\",\"target\":[\"https:\/\/barrasdemahoma.com.uy\/\"]}]},{\"@type\":\"BreadcrumbList\",\"@id\":\"https:\/\/barrasdemahoma.com.uy\/#breadcrumb\",\"itemListElement\":[{\"@type\":\"ListItem\",\"position\":1,\"name\":\"Portada\",\"item\":\"https:\/\/barrasdemahoma.com.uy\/\"},{\"@type\":\"ListItem\",\"position\":2,\"name\":\"Establecimiento Barras de Mahoma\"}]},{\"@type\":\"WebSite\",\"@id\":\"https:\/\/barrasdemahoma.com.uy\/#website\",\"url\":\"https:\/\/barrasdemahoma.com.uy\/\",\"name\":\"Barras de Mahoma\",\"description\":\"Ubicados en Uruguay, en las Sierras de Mahoma en el departamento de San Jos\u00e9 y a 120 kil\u00f3metros de la capital del pa\u00eds, Montevideo, se encuentra ubicado Establecimiento Barras de Mahoma. Un campo familiar dedicado a la ganader\u00eda, agricultura, vitivinicultura y forestaci\u00f3n.  Las Sierras de Mahoma constituyen una amplia formaci\u00f3n rocosa que a la vez de tener un gran encanto visual, ofrecen un excelente suelo para el cultivo de la vid.\",\"publisher\":{\"@id\":\"https:\/\/barrasdemahoma.com.uy\/#organization\"},\"potentialAction\":[{\"@type\":\"SearchAction\",\"target\":{\"@type\":\"EntryPoint\",\"urlTemplate\":\"https:\/\/barrasdemahoma.com.uy\/?s={search_term_string}\"},\"query-input\":\"required name=search_term_string\"}],\"inLanguage\":\"en-US\"},{\"@type\":\"Organization\",\"@id\":\"https:\/\/barrasdemahoma.com.uy\/#organization\",\"name\":\"Barras de Mahoma\",\"url\":\"https:\/\/barrasdemahoma.com.uy\/\",\"logo\":{\"@type\":\"ImageObject\",\"inLanguage\":\"en-US\",\"@id\":\"https:\/\/barrasdemahoma.com.uy\/#\/schema\/logo\/image\/\",\"url\":\"https:\/\/barrasdemahoma.com.uy\/wp-content\/uploads\/2020\/06\/favicon.jpg\",\"contentUrl\":\"https:\/\/barrasdemahoma.com.uy\/wp-content\/uploads\/2020\/06\/favicon.jpg\",\"width\":512,\"height\":512,\"caption\":\"Barras de Mahoma\"},\"image\":{\"@id\":\"https:\/\/barrasdemahoma.com.uy\/#\/schema\/logo\/image\/\"},\"sameAs\":[\"https:\/\/www.facebook.com\/barrasdemahoma\/\",\"https:\/\/www.instagram.com\/vinos_barras_de_mahoma\/\"]}]}<\/script>\n<!-- \/ Yoast SEO plugin. -->","yoast_head_json":{"title":"Establecimiento Barras de Mahoma - Barras de Mahoma","robots":{"index":"index","follow":"follow","max-snippet":"max-snippet:-1","max-image-preview":"max-image-preview:large","max-video-preview":"max-video-preview:-1"},"canonical":"https:\/\/barrasdemahoma.com.uy\/en\/","og_locale":"en_US","og_type":"article","og_title":"Establecimiento Barras de Mahoma - Barras de Mahoma","og_url":"https:\/\/barrasdemahoma.com.uy\/en\/","og_site_name":"Barras de Mahoma","article_publisher":"https:\/\/www.facebook.com\/barrasdemahoma\/","article_modified_time":"2020-12-21T12:12:20+00:00","twitter_card":"summary_large_image","twitter_misc":{"Est. reading time":"3 minutes"},"schema":{"@context":"https:\/\/schema.org","@graph":[{"@type":"WebPage","@id":"https:\/\/barrasdemahoma.com.uy\/","url":"https:\/\/barrasdemahoma.com.uy\/","name":"Establecimiento Barras de Mahoma - Barras de Mahoma","isPartOf":{"@id":"https:\/\/barrasdemahoma.com.uy\/#website"},"datePublished":"2016-03-10T10:44:30+00:00","dateModified":"2020-12-21T12:12:20+00:00","breadcrumb":{"@id":"https:\/\/barrasdemahoma.com.uy\/#breadcrumb"},"inLanguage":"en-US","potentialAction":[{"@type":"ReadAction","target":["https:\/\/barrasdemahoma.com.uy\/"]}]},{"@type":"BreadcrumbList","@id":"https:\/\/barrasdemahoma.com.uy\/#breadcrumb","itemListElement":[{"@type":"ListItem","position":1,"name":"Portada","item":"https:\/\/barrasdemahoma.com.uy\/"},{"@type":"ListItem","position":2,"name":"Establecimiento Barras de Mahoma"}]},{"@type":"WebSite","@id":"https:\/\/barrasdemahoma.com.uy\/#website","url":"https:\/\/barrasdemahoma.com.uy\/","name":"Barras de Mahoma","description":"Ubicados en Uruguay, en las Sierras de Mahoma en el departamento de San Jos\u00e9 y a 120 kil\u00f3metros de la capital del pa\u00eds, Montevideo, se encuentra ubicado Establecimiento Barras de Mahoma. Un campo familiar dedicado a la ganader\u00eda, agricultura, vitivinicultura y forestaci\u00f3n.  Las Sierras de Mahoma constituyen una amplia formaci\u00f3n rocosa que a la vez de tener un gran encanto visual, ofrecen un excelente suelo para el cultivo de la vid.","publisher":{"@id":"https:\/\/barrasdemahoma.com.uy\/#organization"},"potentialAction":[{"@type":"SearchAction","target":{"@type":"EntryPoint","urlTemplate":"https:\/\/barrasdemahoma.com.uy\/?s={search_term_string}"},"query-input":"required name=search_term_string"}],"inLanguage":"en-US"},{"@type":"Organization","@id":"https:\/\/barrasdemahoma.com.uy\/#organization","name":"Barras de Mahoma","url":"https:\/\/barrasdemahoma.com.uy\/","logo":{"@type":"ImageObject","inLanguage":"en-US","@id":"https:\/\/barrasdemahoma.com.uy\/#\/schema\/logo\/image\/","url":"https:\/\/barrasdemahoma.com.uy\/wp-content\/uploads\/2020\/06\/favicon.jpg","contentUrl":"https:\/\/barrasdemahoma.com.uy\/wp-content\/uploads\/2020\/06\/favicon.jpg","width":512,"height":512,"caption":"Barras de Mahoma"},"image":{"@id":"https:\/\/barrasdemahoma.com.uy\/#\/schema\/logo\/image\/"},"sameAs":["https:\/\/www.facebook.com\/barrasdemahoma\/","https:\/\/www.instagram.com\/vinos_barras_de_mahoma\/"]}]}},"_links":{"self":[{"href":"https:\/\/barrasdemahoma.com.uy\/en\/wp-json\/wp\/v2\/pages\/193","targetHints":{"allow":["GET"]}}],"collection":[{"href":"https:\/\/barrasdemahoma.com.uy\/en\/wp-json\/wp\/v2\/pages"}],"about":[{"href":"https:\/\/barrasdemahoma.com.uy\/en\/wp-json\/wp\/v2\/types\/page"}],"author":[{"embeddable":true,"href":"https:\/\/barrasdemahoma.com.uy\/en\/wp-json\/wp\/v2\/users\/1"}],"replies":[{"embeddable":true,"href":"https:\/\/barrasdemahoma.com.uy\/en\/wp-json\/wp\/v2\/comments?post=193"}],"version-history":[{"count":103,"href":"https:\/\/barrasdemahoma.com.uy\/en\/wp-json\/wp\/v2\/pages\/193\/revisions"}],"predecessor-version":[{"id":1302,"href":"https:\/\/barrasdemahoma.com.uy\/en\/wp-json\/wp\/v2\/pages\/193\/revisions\/1302"}],"wp:attachment":[{"href":"https:\/\/barrasdemahoma.com.uy\/en\/wp-json\/wp\/v2\/media?parent=193"}],"curies":[{"name":"wp","href":"https:\/\/api.w.org\/{rel}","templated":true}]}}