{"id":519,"date":"2016-03-21T13:06:29","date_gmt":"2016-03-21T13:06:29","guid":{"rendered":"http:\/\/okthemes.com\/villenoirdemo\/?page_id=519"},"modified":"2016-03-21T13:06:29","modified_gmt":"2016-03-21T13:06:29","slug":"faq","status":"publish","type":"page","link":"https:\/\/barrasdemahoma.com.uy\/en\/faq\/","title":{"rendered":"FAQ"},"content":{"rendered":"<section class=\"wpb-content-wrapper\"><div class=\"vc_row wpb_row vc_row-fluid\"><div class=\"wpb_column vc_column_container vc_col-sm-6\"><div class=\"vc_column-inner\"><div class=\"wpb_wrapper\">\n\t<div class=\"title-subtitle-box\" style=\" text-align: left;\">\n\t\t<p  style=\"\">About<\/p>\n\t\t<h2 style=\" font-style: normal;\">Delivery<\/h2>\n\t<\/div> \n\t<div class=\"wpb_text_column wpb_content_element\" >\n\t\t<div class=\"wpb_wrapper\">\n\t\t\t<p><span style=\"text-decoration: underline;\"><strong>What courier do you use for deliveries?<\/strong><\/span><\/p>\n<p>We use DHL to send all of our orders and they are forwarded to the national postal service on arrival in the country of destination.<\/p>\n<p><span style=\"text-decoration: underline;\"><strong>How long does delivery take?<\/strong><\/span><\/p>\n<p>International orders generally take between 1-3 working days to arrive. A delivery within Germany usually takes 1-2 working days.<\/p>\n<p><span style=\"text-decoration: underline;\"><strong>How much is delivery?<\/strong><\/span><\/p>\n<p>We offer FREE Delivery on all orders over \u20ac50 \/ \u00a350 \/ 50 CHF.<\/p>\n<p><span style=\"text-decoration: underline;\"><strong>Can I track my item?<\/strong><\/span><\/p>\n<p>Yes. You will be sent a confirmation email as soon as your order has been processed. This email will also contain your tracking number.<\/p>\n<p><span style=\"text-decoration: underline;\"><strong>Do you deliver to my country?<\/strong><\/span><\/p>\n<p>We currently ship to the following countries: Austria, Belgium, Finland, France, Germany, Netherlands, Spain, Sweden, Switzerland, Ireland and the UK.<\/p>\n\n\t\t<\/div>\n\t<\/div>\n\n\t<div class=\"title-subtitle-box\" style=\" text-align: left;\">\n\t\t<p  style=\"\">About<\/p>\n\t\t<h2 style=\" font-style: normal;\">Payment<\/h2>\n\t<\/div> \n\t<div class=\"wpb_text_column wpb_content_element\" >\n\t\t<div class=\"wpb_wrapper\">\n\t\t\t<p><span style=\"text-decoration: underline;\"><strong>Which payment methods do you accept?<\/strong><\/span><\/p>\n<p>We currently accept all relevant credit and debit cards including Visa, Mastercard, PayPal and Postfinance.<\/p>\n<p><span style=\"text-decoration: underline;\"><strong>What currencies can I use?<\/strong><\/span><\/p>\n<p>We accept payment in Euros, GBP and CHF only.<\/p>\n\n\t\t<\/div>\n\t<\/div>\n<\/div><\/div><\/div><div class=\"wpb_column vc_column_container vc_col-sm-6\"><div class=\"vc_column-inner\"><div class=\"wpb_wrapper\">\n\t<div class=\"title-subtitle-box\" style=\" text-align: left;\">\n\t\t<p  style=\"\">About<\/p>\n\t\t<h2 style=\" font-style: normal;\">Returns<\/h2>\n\t<\/div> \n\t<div class=\"wpb_text_column wpb_content_element\" >\n\t\t<div class=\"wpb_wrapper\">\n\t\t\t<p><span style=\"text-decoration: underline;\"><strong>What is your online returns policy?<\/strong><\/span><\/p>\n<p>If you are not completely happy with the goods that you have received, you can return them to us within 14 days of receipt, providing they are in original resalable condition.<\/p>\n<p><span style=\"text-decoration: underline;\"><strong>Once returned you are entitled to receive an exchange or a refund.<\/strong><\/span><\/p>\n<p>We are not able to refund or exchange items that appear to have been worn, washed, or are not in original condition.<\/p>\n<p>Please enclose the completed Returns Form with your goods, and make sure all returned items are well packaged, so as not to be damaged in the post.<\/p>\n<p><span style=\"text-decoration: underline;\"><strong>How do I return an item?<\/strong><\/span><\/p>\n<p>To return an item you can simply complete the enclosed returns form and attach the return address to the package and take it to your local post office.<\/p>\n<p><span style=\"text-decoration: underline;\"><strong>Who pays for return postage?<\/strong><\/span><\/p>\n<p>We offer FREE return postage on all orders returned within 14 days of receipt.<\/p>\n<p><span style=\"text-decoration: underline;\"><strong>Can you confirm you have received my return?<\/strong><\/span><\/p>\n<p>We aim to process returns within 2 working days of receiving them. You will be notified by email once the returns process is complete.<\/p>\n\n\t\t<\/div>\n\t<\/div>\n<\/div><\/div><\/div><\/div>\n<\/section>","protected":false},"excerpt":{"rendered":"About Delivery What courier do you use for deliveries? We use DHL to send all of our orders and they are forwarded to the national postal service on arrival in<br class=\"read-more-spacer\"> <a class=\"more-link\" href=\"https:\/\/barrasdemahoma.com.uy\/en\/faq\/\">Read More<\/a>","protected":false},"author":1,"featured_media":0,"parent":0,"menu_order":0,"comment_status":"closed","ping_status":"closed","template":"","meta":{"footnotes":""},"class_list":["post-519","page","type-page","status-publish","hentry"],"acf":[],"yoast_head":"<!-- This site is optimized with the Yoast SEO plugin v21.2 - https:\/\/yoast.com\/wordpress\/plugins\/seo\/ -->\n<title>FAQ - Barras de Mahoma<\/title>\n<meta name=\"robots\" content=\"index, follow, max-snippet:-1, max-image-preview:large, max-video-preview:-1\" \/>\n<link rel=\"canonical\" href=\"https:\/\/barrasdemahoma.com.uy\/en\/faq\/\" \/>\n<meta property=\"og:locale\" content=\"en_US\" \/>\n<meta property=\"og:type\" content=\"article\" \/>\n<meta property=\"og:title\" content=\"FAQ - Barras de Mahoma\" \/>\n<meta property=\"og:url\" content=\"https:\/\/barrasdemahoma.com.uy\/en\/faq\/\" \/>\n<meta property=\"og:site_name\" content=\"Barras de Mahoma\" \/>\n<meta property=\"article:publisher\" content=\"https:\/\/www.facebook.com\/barrasdemahoma\/\" \/>\n<meta name=\"twitter:card\" content=\"summary_large_image\" \/>\n<meta name=\"twitter:label1\" content=\"Est. reading time\" \/>\n\t<meta name=\"twitter:data1\" content=\"2 minutes\" \/>\n<script type=\"application\/ld+json\" class=\"yoast-schema-graph\">{\"@context\":\"https:\/\/schema.org\",\"@graph\":[{\"@type\":\"WebPage\",\"@id\":\"https:\/\/barrasdemahoma.com.uy\/faq\/\",\"url\":\"https:\/\/barrasdemahoma.com.uy\/faq\/\",\"name\":\"FAQ - Barras de Mahoma\",\"isPartOf\":{\"@id\":\"https:\/\/barrasdemahoma.com.uy\/#website\"},\"datePublished\":\"2016-03-21T13:06:29+00:00\",\"dateModified\":\"2016-03-21T13:06:29+00:00\",\"breadcrumb\":{\"@id\":\"https:\/\/barrasdemahoma.com.uy\/faq\/#breadcrumb\"},\"inLanguage\":\"en-US\",\"potentialAction\":[{\"@type\":\"ReadAction\",\"target\":[\"https:\/\/barrasdemahoma.com.uy\/faq\/\"]}]},{\"@type\":\"BreadcrumbList\",\"@id\":\"https:\/\/barrasdemahoma.com.uy\/faq\/#breadcrumb\",\"itemListElement\":[{\"@type\":\"ListItem\",\"position\":1,\"name\":\"Portada\",\"item\":\"https:\/\/barrasdemahoma.com.uy\/\"},{\"@type\":\"ListItem\",\"position\":2,\"name\":\"FAQ\"}]},{\"@type\":\"WebSite\",\"@id\":\"https:\/\/barrasdemahoma.com.uy\/#website\",\"url\":\"https:\/\/barrasdemahoma.com.uy\/\",\"name\":\"Barras de Mahoma\",\"description\":\"Ubicados en Uruguay, en las Sierras de Mahoma en el departamento de San Jos\u00e9 y a 120 kil\u00f3metros de la capital del pa\u00eds, Montevideo, se encuentra ubicado Establecimiento Barras de Mahoma. Un campo familiar dedicado a la ganader\u00eda, agricultura, vitivinicultura y forestaci\u00f3n.  Las Sierras de Mahoma constituyen una amplia formaci\u00f3n rocosa que a la vez de tener un gran encanto visual, ofrecen un excelente suelo para el cultivo de la vid.\",\"publisher\":{\"@id\":\"https:\/\/barrasdemahoma.com.uy\/#organization\"},\"potentialAction\":[{\"@type\":\"SearchAction\",\"target\":{\"@type\":\"EntryPoint\",\"urlTemplate\":\"https:\/\/barrasdemahoma.com.uy\/?s={search_term_string}\"},\"query-input\":\"required name=search_term_string\"}],\"inLanguage\":\"en-US\"},{\"@type\":\"Organization\",\"@id\":\"https:\/\/barrasdemahoma.com.uy\/#organization\",\"name\":\"Barras de Mahoma\",\"url\":\"https:\/\/barrasdemahoma.com.uy\/\",\"logo\":{\"@type\":\"ImageObject\",\"inLanguage\":\"en-US\",\"@id\":\"https:\/\/barrasdemahoma.com.uy\/#\/schema\/logo\/image\/\",\"url\":\"https:\/\/barrasdemahoma.com.uy\/wp-content\/uploads\/2020\/06\/favicon.jpg\",\"contentUrl\":\"https:\/\/barrasdemahoma.com.uy\/wp-content\/uploads\/2020\/06\/favicon.jpg\",\"width\":512,\"height\":512,\"caption\":\"Barras de Mahoma\"},\"image\":{\"@id\":\"https:\/\/barrasdemahoma.com.uy\/#\/schema\/logo\/image\/\"},\"sameAs\":[\"https:\/\/www.facebook.com\/barrasdemahoma\/\",\"https:\/\/www.instagram.com\/vinos_barras_de_mahoma\/\"]}]}<\/script>\n<!-- \/ Yoast SEO plugin. -->","yoast_head_json":{"title":"FAQ - Barras de Mahoma","robots":{"index":"index","follow":"follow","max-snippet":"max-snippet:-1","max-image-preview":"max-image-preview:large","max-video-preview":"max-video-preview:-1"},"canonical":"https:\/\/barrasdemahoma.com.uy\/en\/faq\/","og_locale":"en_US","og_type":"article","og_title":"FAQ - Barras de Mahoma","og_url":"https:\/\/barrasdemahoma.com.uy\/en\/faq\/","og_site_name":"Barras de Mahoma","article_publisher":"https:\/\/www.facebook.com\/barrasdemahoma\/","twitter_card":"summary_large_image","twitter_misc":{"Est. reading time":"2 minutes"},"schema":{"@context":"https:\/\/schema.org","@graph":[{"@type":"WebPage","@id":"https:\/\/barrasdemahoma.com.uy\/faq\/","url":"https:\/\/barrasdemahoma.com.uy\/faq\/","name":"FAQ - Barras de Mahoma","isPartOf":{"@id":"https:\/\/barrasdemahoma.com.uy\/#website"},"datePublished":"2016-03-21T13:06:29+00:00","dateModified":"2016-03-21T13:06:29+00:00","breadcrumb":{"@id":"https:\/\/barrasdemahoma.com.uy\/faq\/#breadcrumb"},"inLanguage":"en-US","potentialAction":[{"@type":"ReadAction","target":["https:\/\/barrasdemahoma.com.uy\/faq\/"]}]},{"@type":"BreadcrumbList","@id":"https:\/\/barrasdemahoma.com.uy\/faq\/#breadcrumb","itemListElement":[{"@type":"ListItem","position":1,"name":"Portada","item":"https:\/\/barrasdemahoma.com.uy\/"},{"@type":"ListItem","position":2,"name":"FAQ"}]},{"@type":"WebSite","@id":"https:\/\/barrasdemahoma.com.uy\/#website","url":"https:\/\/barrasdemahoma.com.uy\/","name":"Barras de Mahoma","description":"Ubicados en Uruguay, en las Sierras de Mahoma en el departamento de San Jos\u00e9 y a 120 kil\u00f3metros de la capital del pa\u00eds, Montevideo, se encuentra ubicado Establecimiento Barras de Mahoma. Un campo familiar dedicado a la ganader\u00eda, agricultura, vitivinicultura y forestaci\u00f3n.  Las Sierras de Mahoma constituyen una amplia formaci\u00f3n rocosa que a la vez de tener un gran encanto visual, ofrecen un excelente suelo para el cultivo de la vid.","publisher":{"@id":"https:\/\/barrasdemahoma.com.uy\/#organization"},"potentialAction":[{"@type":"SearchAction","target":{"@type":"EntryPoint","urlTemplate":"https:\/\/barrasdemahoma.com.uy\/?s={search_term_string}"},"query-input":"required name=search_term_string"}],"inLanguage":"en-US"},{"@type":"Organization","@id":"https:\/\/barrasdemahoma.com.uy\/#organization","name":"Barras de Mahoma","url":"https:\/\/barrasdemahoma.com.uy\/","logo":{"@type":"ImageObject","inLanguage":"en-US","@id":"https:\/\/barrasdemahoma.com.uy\/#\/schema\/logo\/image\/","url":"https:\/\/barrasdemahoma.com.uy\/wp-content\/uploads\/2020\/06\/favicon.jpg","contentUrl":"https:\/\/barrasdemahoma.com.uy\/wp-content\/uploads\/2020\/06\/favicon.jpg","width":512,"height":512,"caption":"Barras de Mahoma"},"image":{"@id":"https:\/\/barrasdemahoma.com.uy\/#\/schema\/logo\/image\/"},"sameAs":["https:\/\/www.facebook.com\/barrasdemahoma\/","https:\/\/www.instagram.com\/vinos_barras_de_mahoma\/"]}]}},"_links":{"self":[{"href":"https:\/\/barrasdemahoma.com.uy\/en\/wp-json\/wp\/v2\/pages\/519","targetHints":{"allow":["GET"]}}],"collection":[{"href":"https:\/\/barrasdemahoma.com.uy\/en\/wp-json\/wp\/v2\/pages"}],"about":[{"href":"https:\/\/barrasdemahoma.com.uy\/en\/wp-json\/wp\/v2\/types\/page"}],"author":[{"embeddable":true,"href":"https:\/\/barrasdemahoma.com.uy\/en\/wp-json\/wp\/v2\/users\/1"}],"replies":[{"embeddable":true,"href":"https:\/\/barrasdemahoma.com.uy\/en\/wp-json\/wp\/v2\/comments?post=519"}],"version-history":[{"count":0,"href":"https:\/\/barrasdemahoma.com.uy\/en\/wp-json\/wp\/v2\/pages\/519\/revisions"}],"wp:attachment":[{"href":"https:\/\/barrasdemahoma.com.uy\/en\/wp-json\/wp\/v2\/media?parent=519"}],"curies":[{"name":"wp","href":"https:\/\/api.w.org\/{rel}","templated":true}]}}